{"id":1323,"date":"2020-03-14T10:23:05","date_gmt":"2020-03-14T13:23:05","guid":{"rendered":"https:\/\/isfdyt33-bue.infd.edu.ar\/sitio\/?page_id=1323"},"modified":"2025-05-07T20:40:02","modified_gmt":"2025-05-07T23:40:02","slug":"formularios-y-constancias","status":"publish","type":"page","link":"https:\/\/isfdyt33-bue.infd.edu.ar\/sitio\/formularios-y-constancias\/","title":{"rendered":"Formularios y Constancias"},"content":{"rendered":"<h5><strong>Constancias de Alumno Regular<\/strong><\/h5>\n<ul>\n<li><a href=\"https:\/\/isfdyt33-bue.infd.edu.ar\/sitio\/wp-content\/uploads\/2020\/03\/C-ALUM-REG-PROF-BIOLOGIA.doc\" target=\"_blank\" rel=\"noopener\">C. Alumno Regular &#8211; Prof. Biolog\u00eda<\/a><\/li>\n<li><a href=\"https:\/\/isfdyt33-bue.infd.edu.ar\/sitio\/wp-content\/uploads\/2020\/03\/C-ALUM-REG-PROF-EDUCACION-FISICA.doc\" target=\"_blank\" rel=\"noopener\">C Alumono Regular &#8211;\u00a0 Prof Educaci\u00f3n F\u00edsica<\/a><\/li>\n<li><a href=\"https:\/\/isfdyt33-bue.infd.edu.ar\/sitio\/wp-content\/uploads\/2020\/03\/C-ALUM-REG-PROF-INGLES.doc\" target=\"_blank\" rel=\"noopener\">C. Alumno Regular &#8211; Prof. Ingl\u00e9s<\/a><\/li>\n<li><a href=\"https:\/\/isfdyt33-bue.infd.edu.ar\/sitio\/wp-content\/uploads\/2020\/03\/C-ALUM-REG-PROF-LENGUA-Y-LITERATURA.doc\" target=\"_blank\" rel=\"noopener\">C. Alumno Regular &#8211; Prof. Lengua y Literatura<\/a><\/li>\n<li><a href=\"https:\/\/isfdyt33-bue.infd.edu.ar\/sitio\/wp-content\/uploads\/2020\/03\/C-ALUM-REG-PROF-MATEMATICAS.doc\" target=\"_blank\" rel=\"noopener\">C. Alumno Regular &#8211; Prof. Matem\u00e1tica<\/a><\/li>\n<li><a href=\"https:\/\/isfdyt33-bue.infd.edu.ar\/sitio\/wp-content\/uploads\/2020\/03\/C-ALUM-REG-PROF-QUIMICA.doc\" target=\"_blank\" rel=\"noopener\">C. Alumno Regular &#8211; Prof. Qu\u00edmica<\/a><\/li>\n<li><a href=\"https:\/\/isfdyt33-bue.infd.edu.ar\/sitio\/wp-content\/uploads\/2020\/03\/C-ALUM-REG-TEC-AGROALIMENTOS.doc\" target=\"_blank\" rel=\"noopener\">C. Alumno Regular &#8211; Tec. Agroalimentos<\/a><\/li>\n<li><a href=\"https:\/\/isfdyt33-bue.infd.edu.ar\/sitio\/wp-content\/uploads\/2020\/03\/C-ALUM-REG-TEC-ECONOMIA-SOCIAL.doc\" target=\"_blank\" rel=\"noopener\">C. Alumno Regular &#8211; Tec. Econom\u00eda Social<\/a><\/li>\n<li><a href=\"https:\/\/isfdyt33-bue.infd.edu.ar\/sitio\/wp-content\/uploads\/2020\/03\/C-ALUM-REG-TEC-FONOAUDIOLOGIA.doc\" target=\"_blank\" rel=\"noopener\">C. Alumno Regular &#8211; Tec. Fonoaudiolog\u00eda<\/a><\/li>\n<li><a href=\"https:\/\/isfdyt33-bue.infd.edu.ar\/sitio\/wp-content\/uploads\/2020\/03\/C-ALUM-REG-TEC-SEGURIDAD.doc\" target=\"_blank\" rel=\"noopener\">C. Alumno Regular &#8211; Tec. Seguridad<\/a><\/li>\n<li><a href=\"https:\/\/isfdyt33-bue.infd.edu.ar\/sitio\/wp-content\/uploads\/2023\/05\/C-ALUM-REG-TEC-AGROECOLOGIA.doc\">C. Alumno Regular &#8211; Tec. Agroecolog\u00eda<\/a><\/li>\n<li><a href=\"https:\/\/isfdyt33-bue.infd.edu.ar\/sitio\/wp-content\/uploads\/2023\/05\/C-ALUM-REG-TEC-TIEMPO-LIBRE-Y-RECREACION.doc\">C. Alumno Regular &#8211; Tec. \u00a0Tiempo Libre<\/a><\/li>\n<li><a href=\"https:\/\/isfdyt33-bue.infd.edu.ar\/sitio\/wp-content\/uploads\/2020\/03\/C-ALUM-REG-TEC-SERVICIOS-GASTRONOMICOS.doc\" target=\"_blank\" rel=\"noopener\">C. Alumno Regular &#8211; Tec. Servicios Gastron\u00f3micos<\/a><\/li>\n<li><a href=\"https:\/\/isfdyt33-bue.infd.edu.ar\/sitio\/wp-content\/uploads\/2020\/03\/C-ALUM-REG-TEC-SISTEMAS.doc\" target=\"_blank\" rel=\"noopener\">C. Alumno Regular &#8211; Tec. Sistemas<\/a><\/li>\n<li><a href=\"https:\/\/isfdyt33-bue.infd.edu.ar\/sitio\/wp-content\/uploads\/2020\/03\/C-ALUM-REG-TEC-TRABAJO-SOCIAL.doc\" target=\"_blank\" rel=\"noopener\">C. Alumno Regular &#8211; Tec. Trabajo Social<\/a><\/li>\n<\/ul>\n<h5><strong>Constancias de Examenes<\/strong><\/h5>\n<ul>\n<li><a href=\"https:\/\/isfdyt33-bue.infd.edu.ar\/sitio\/wp-content\/uploads\/2020\/03\/C-EXAMEN-PROF-BIOLOGIA.doc\" target=\"_blank\" rel=\"noopener\">C. Ex\u00e1men &#8211; Prof. Biolog\u00eda<\/a><\/li>\n<li><a href=\"https:\/\/isfdyt33-bue.infd.edu.ar\/sitio\/wp-content\/uploads\/2020\/03\/C-EXAMEN-PROF-EDUCACION-FISICA.doc\" target=\"_blank\" rel=\"noopener\">C. Ex\u00e1men &#8211; Prof. Educaci\u00f3n F\u00edsica<\/a><\/li>\n<li><a href=\"https:\/\/isfdyt33-bue.infd.edu.ar\/sitio\/wp-content\/uploads\/2020\/03\/C-EXAMEN-PROF-INGLES.doc\" target=\"_blank\" rel=\"noopener\">C. Ex\u00e1men &#8211; Prof. Ingl\u00e9s<\/a><\/li>\n<li><a href=\"https:\/\/isfdyt33-bue.infd.edu.ar\/sitio\/wp-content\/uploads\/2020\/03\/C-EXAMEN-PROF-LENGUA-Y-LITERATURA.doc\" target=\"_blank\" rel=\"noopener\">C. Ex\u00e1men &#8211; Prof. Lengua y Literatura<\/a><\/li>\n<li><a href=\"https:\/\/isfdyt33-bue.infd.edu.ar\/sitio\/wp-content\/uploads\/2020\/03\/C-EXAMEN-PROF-MATEMATICAS.doc\" target=\"_blank\" rel=\"noopener\">C. Ex\u00e1men &#8211; Prof. Matem\u00e1tica<\/a><\/li>\n<li><a href=\"https:\/\/isfdyt33-bue.infd.edu.ar\/sitio\/wp-content\/uploads\/2020\/03\/C-EXAMEN-PROF-QUIMICA.doc\" target=\"_blank\" rel=\"noopener\">C. Ex\u00e1men &#8211; Prof. Qu\u00edmica<\/a><\/li>\n<li><a href=\"https:\/\/isfdyt33-bue.infd.edu.ar\/sitio\/wp-content\/uploads\/2020\/03\/C-EXAMEN-INDUSTRIAS-AGROALIMENTARIAS.doc\" target=\"_blank\" rel=\"noopener\">C. Ex\u00e1men &#8211; Tec. Agroalimentos<\/a><\/li>\n<li><a href=\"https:\/\/isfdyt33-bue.infd.edu.ar\/sitio\/wp-content\/uploads\/2020\/03\/C-EXAMEN-PROF-QUIMICA.doc\" target=\"_blank\" rel=\"noopener\">C. Ex\u00e1men &#8211; Prof. Qu\u00edmica<\/a><\/li>\n<li><a href=\"https:\/\/isfdyt33-bue.infd.edu.ar\/sitio\/wp-content\/uploads\/2020\/03\/C-EXAMEN-FONOAUDIOLOGIA.doc\" target=\"_blank\" rel=\"noopener\">C. Ex\u00e1men &#8211; Tec. Fonoaudilog\u00eda<\/a><\/li>\n<li><a href=\"https:\/\/isfdyt33-bue.infd.edu.ar\/sitio\/wp-content\/uploads\/2020\/03\/C-EXAMEN-SEGURIDAD-E-HIGIENE.doc\" target=\"_blank\" rel=\"noopener\">C. Ex\u00e1men &#8211; Tec. Seguridad<\/a><\/li>\n<li><a href=\"https:\/\/isfdyt33-bue.infd.edu.ar\/sitio\/wp-content\/uploads\/2020\/03\/C-EXAMEN-SERVICIOS-GASTRONOMICOS.doc\" target=\"_blank\" rel=\"noopener\">C. Ex\u00e1men &#8211; Tec. Servicios Gastron\u00f3micos<\/a><\/li>\n<li><a href=\"https:\/\/isfdyt33-bue.infd.edu.ar\/sitio\/wp-content\/uploads\/2020\/03\/C-EXAMEN-ANALISTA-DE-SISTEMAS.doc\" target=\"_blank\" rel=\"noopener\">C. Ex\u00e1men &#8211; Tec. Sistemas<\/a><\/li>\n<li><a href=\"https:\/\/isfdyt33-bue.infd.edu.ar\/sitio\/wp-content\/uploads\/2020\/03\/C-EXAMEN-TRABAJO-SOCIAL.doc\" target=\"_blank\" rel=\"noopener\">C. Ex\u00e1men &#8211; Tec. Trabajo Social<\/a><\/li>\n<li><a href=\"https:\/\/isfdyt33-bue.infd.edu.ar\/sitio\/wp-content\/uploads\/2024\/12\/C-EXAMEN-TIEMPO-LIBRE-Y-RECREACION-1.doc\">C. Examen &#8211; Tec. Tiempo Libre y Recreaci\u00f3n<\/a><\/li>\n<\/ul>\n<h5><strong>Constancias de Inscripciones<\/strong><\/h5>\n<ul>\n<li><a href=\"https:\/\/isfdyt33-bue.infd.edu.ar\/sitio\/wp-content\/uploads\/2024\/12\/CONST-INSCRIPCION-EDUCACION-FISICA.docx\" target=\"_blank\" rel=\"noopener\">C. Inscripci\u00f3n &#8211; Prof. Educaci\u00f3n F\u00edsica<\/a><\/li>\n<li><a href=\"https:\/\/isfdyt33-bue.infd.edu.ar\/sitio\/wp-content\/uploads\/2024\/12\/CONST-INSCRIPCION-INGLES-1.docx\" target=\"_blank\" rel=\"noopener\">C. Inscripci\u00f3n &#8211; Prof. Ingl\u00e9s<\/a><\/li>\n<li><a href=\"https:\/\/isfdyt33-bue.infd.edu.ar\/sitio\/wp-content\/uploads\/2024\/12\/CONST-INSCRIPCION-LENGUA-Y-LITERATURA.docx\" target=\"_blank\" rel=\"noopener\">C. Inscripci\u00f3n &#8211; Prof. Lengua y Literatura<\/a><\/li>\n<li><a href=\"https:\/\/isfdyt33-bue.infd.edu.ar\/sitio\/wp-content\/uploads\/2024\/12\/CONST-INSCRIPCION-MATEMATICAS.docx\" target=\"_blank\" rel=\"noopener\">C. Inscripci\u00f3n &#8211; Prof. Matem\u00e1tica<\/a><\/li>\n<li><a href=\"https:\/\/isfdyt33-bue.infd.edu.ar\/sitio\/wp-content\/uploads\/2021\/12\/CONST-INSCRIPCION-QUIMICA.docx\" target=\"_blank\" rel=\"noopener\">C. Inscripci\u00f3n &#8211; Prof. Qu\u00edmica<\/a><\/li>\n<li><a href=\"https:\/\/isfdyt33-bue.infd.edu.ar\/sitio\/wp-content\/uploads\/2024\/12\/CONST-INSCRIPCION-INDUSTRIAS-AGROALIEMTARIAS.docx\" target=\"_blank\" rel=\"noopener\">C. Inscripci\u00f3n &#8211; Tec. Agroalimentos<\/a><\/li>\n<li><a href=\"https:\/\/isfdyt33-bue.infd.edu.ar\/sitio\/wp-content\/uploads\/2021\/12\/CONST-INSCRIPCION-ECONOMIA-SOCIAL.docx\" target=\"_blank\" rel=\"noopener\">C. Inscripci\u00f3n &#8211; Prof, de Biologia<\/a><\/li>\n<li><a href=\"https:\/\/isfdyt33-bue.infd.edu.ar\/sitio\/wp-content\/uploads\/2024\/12\/CONST-INSCRIPCION-SEGURIDAD.docx\" target=\"_blank\" rel=\"noopener\">C. Inscripci\u00f3n &#8211; Tec. Seguridad<\/a><\/li>\n<li><a href=\"https:\/\/isfdyt33-bue.infd.edu.ar\/sitio\/wp-content\/uploads\/2024\/12\/CONST-INSCRIPCION-SERVICIOS-GASTRONOMICOS.docx\" target=\"_blank\" rel=\"noopener\">C. Inscripci\u00f3n &#8211; Tec. Servicios Gastron\u00f3micos<\/a><\/li>\n<li><a href=\"https:\/\/isfdyt33-bue.infd.edu.ar\/sitio\/wp-content\/uploads\/2024\/12\/CONST-INSCRIPCION-TRABAJO-SOCIAL.docx\" target=\"_blank\" rel=\"noopener\">C. Inscripci\u00f3n &#8211; Tec. Trabajo Social<\/a><\/li>\n<\/ul>\n<h5><a href=\"https:\/\/isfdyt33-bue.infd.edu.ar\/sitio\/wp-content\/uploads\/2020\/03\/EQUIVALENCIAS.doc\" target=\"_blank\" rel=\"noopener\"><strong>Equivalencias 202&#8230;<\/strong><\/a><\/h5>\n<ul>\n<li><a href=\"https:\/\/isfdyt33-bue.infd.edu.ar\/sitio\/wp-content\/uploads\/2020\/03\/Planilla-de-solicitud-de-equivalencias-por-asignatura-A14a.doc\" target=\"_blank\" rel=\"noopener\">Solicitud de Equivalencias por Asignatura<\/a><\/li>\n<li><a href=\"https:\/\/isfdyt33-bue.infd.edu.ar\/sitio\/wp-content\/uploads\/2020\/03\/Planilla-resumen-de-solicitud-de-equivalencias-A14.doc\" target=\"_blank\" rel=\"noopener\">Resumen de Solicitud de Equivalencias<\/a><\/li>\n<\/ul>\n<h5><a href=\"https:\/\/isfdyt33-bue.infd.edu.ar\/sitio\/wp-content\/uploads\/2024\/12\/CONSTANCIA-NO-PERCIBIR-BECAS-1.docx\" target=\"_blank\" rel=\"noopener\"><strong>Constancias No Percibir Becas<\/strong><\/a><\/h5>\n<h5><a href=\"https:\/\/isfdyt33-bue.infd.edu.ar\/sitio\/wp-content\/uploads\/2023\/03\/transporte.pdf\" target=\"_blank\" rel=\"noopener\"><strong>Becas TRANSPORTE<\/strong><\/a><\/h5>\n<h5><a href=\"https:\/\/isfdyt33-bue.infd.edu.ar\/sitio\/wp-content\/uploads\/2024\/03\/fichafoniatrica2024.pdf\" target=\"_blank\" rel=\"noopener\"><strong>FICHA FONIATRICA<\/strong><\/a><\/h5>\n<h5><a href=\"https:\/\/isfdyt33-bue.infd.edu.ar\/sitio\/wp-content\/uploads\/2024\/07\/DDJJ-en-BLANCO.doc\" target=\"_blank\" rel=\"noopener\"><strong>DDJJ HORARIOS DOCENTES<\/strong><\/a><\/h5>\n<h5><a href=\"https:\/\/isfdyt33-bue.infd.edu.ar\/sitio\/wp-content\/uploads\/2025\/05\/ANEXO-7.pdf\" target=\"_blank\" rel=\"noopener\"><strong>SALIDAS EDUCATIVAS<\/strong><\/a><\/h5>\n","protected":false},"excerpt":{"rendered":"<p>Constancias de Alumno Regular C. Alumno Regular &#8211; Prof. Biolog\u00eda C Alumono Regular &#8211;\u00a0 Prof Educaci\u00f3n F\u00edsica C. Alumno Regular &#8211; Prof. Ingl\u00e9s C. Alumno Regular &#8211; Prof. Lengua y Literatura C. Alumno Regular &#8211; Prof. Matem\u00e1tica C. Alumno Regular &#8211; Prof. Qu\u00edmica C. Alumno Regular &#8211; Tec. Agroalimentos C. Alumno Regular &#8211; Tec. Econom\u00eda &#8230; <a title=\"Formularios y Constancias\" class=\"read-more\" href=\"https:\/\/isfdyt33-bue.infd.edu.ar\/sitio\/formularios-y-constancias\/\" aria-label=\"More on Formularios y Constancias\">[+]<\/a><\/p>\n","protected":false},"author":2391,"featured_media":0,"parent":0,"menu_order":0,"comment_status":"closed","ping_status":"closed","template":"","meta":[],"acf":[],"_links":{"self":[{"href":"https:\/\/isfdyt33-bue.infd.edu.ar\/sitio\/wp-json\/wp\/v2\/pages\/1323"}],"collection":[{"href":"https:\/\/isfdyt33-bue.infd.edu.ar\/sitio\/wp-json\/wp\/v2\/pages"}],"about":[{"href":"https:\/\/isfdyt33-bue.infd.edu.ar\/sitio\/wp-json\/wp\/v2\/types\/page"}],"author":[{"embeddable":true,"href":"https:\/\/isfdyt33-bue.infd.edu.ar\/sitio\/wp-json\/wp\/v2\/users\/2391"}],"replies":[{"embeddable":true,"href":"https:\/\/isfdyt33-bue.infd.edu.ar\/sitio\/wp-json\/wp\/v2\/comments?post=1323"}],"version-history":[{"count":50,"href":"https:\/\/isfdyt33-bue.infd.edu.ar\/sitio\/wp-json\/wp\/v2\/pages\/1323\/revisions"}],"predecessor-version":[{"id":3275,"href":"https:\/\/isfdyt33-bue.infd.edu.ar\/sitio\/wp-json\/wp\/v2\/pages\/1323\/revisions\/3275"}],"wp:attachment":[{"href":"https:\/\/isfdyt33-bue.infd.edu.ar\/sitio\/wp-json\/wp\/v2\/media?parent=1323"}],"curies":[{"name":"wp","href":"https:\/\/api.w.org\/{rel}","templated":true}]}}