{"id":860,"date":"2018-07-02T19:15:09","date_gmt":"2018-07-02T22:15:09","guid":{"rendered":"https:\/\/isfdyt33-bue.infd.edu.ar\/sitio\/normativas\/"},"modified":"2026-04-01T20:43:22","modified_gmt":"2026-04-01T23:43:22","slug":"normativas","status":"publish","type":"page","link":"https:\/\/isfdyt33-bue.infd.edu.ar\/sitio\/normativas\/","title":{"rendered":"Normativas"},"content":{"rendered":"<pre style=\"text-align: center;\"><span style=\"color: #ff00ff;\"><strong><span style=\"font-family: verdana,geneva;\"><span style=\"font-size: 12pt;\">Normativas Legales Vigentes<\/span><\/span><\/strong><\/span><\/pre>\n<p><a href=\"https:\/\/isfdyt33-bue.infd.edu.ar\/sitio\/wp-content\/uploads\/2024\/12\/RESOC-4196-24-R-A-S.pdf\" target=\"_blank\" rel=\"noopener\"><span style=\"color: #0000ff;\"><strong>RAM<\/strong><\/span><\/a><\/p>\n<p><a href=\"https:\/\/isfdyt33-bue.infd.edu.ar\/sitio\/wp-content\/uploads\/2024\/12\/Anexo-1.pdf\" target=\"_blank\" rel=\"noopener\"><span style=\"color: #0000ff;\"><strong>Anexo 1<\/strong><\/span><\/a><\/p>\n<p><a href=\"https:\/\/isfdyt33-bue.infd.edu.ar\/sitio\/wp-content\/uploads\/2024\/12\/Anexo-2.pdf\" target=\"_blank\" rel=\"noopener\"><span style=\"color: #0000ff;\"><strong>Anexo 2<\/strong><\/span><\/a><\/p>\n<p><a href=\"https:\/\/isfdyt33-bue.infd.edu.ar\/sitio\/wp-content\/uploads\/2024\/12\/Anexo-3.pdf\" target=\"_blank\" rel=\"noopener\"><span style=\"color: #0000ff;\"><strong>Anexo 3<\/strong><\/span><\/a><\/p>\n<p><strong><a href=\"https:\/\/isfdyt33-bue.infd.edu.ar\/sitio\/wp-content\/uploads\/2024\/12\/Disposicio\u0301n-Interna-11.pdf\" target=\"_blank\" rel=\"noopener\"><span style=\"color: #0000ff;\">Disposici\u00f3n Interna 11<\/span><\/a><\/strong><\/p>\n<p><a href=\"https:\/\/isfdyt33-bue.infd.edu.ar\/sitio\/wp-content\/uploads\/2024\/12\/Disposicio\u0301n-Interna-12.pdf\" target=\"_blank\" rel=\"noopener\"><span style=\"color: #0000ff;\"><strong>Disposici\u00f3n Interna 12<\/strong><\/span><\/a><\/p>\n<p><a href=\"https:\/\/isfdyt33-bue.infd.edu.ar\/sitio\/wp-content\/uploads\/2024\/12\/Disposicio\u0301n-Interna-13.pdf\" target=\"_blank\" rel=\"noopener\"><span style=\"color: #0000ff;\"><strong>Disposici\u00f3n Interna 13<\/strong><\/span><\/a><\/p>\n<p style=\"text-align: center;\">\n<h5 style=\"text-align: center;\"><span style=\"color: #800080;\"><strong>OTRAS NORMATIVAS Y RESOLUCIONES<\/strong><\/span><\/h5>\n<ul>\n<li><span style=\"font-size: 10pt;\"><span style=\"font-family: verdana,geneva;\"><a title=\"RAI\" href=\"https:\/\/isfdyt33-bue.infd.edu.ar\/sitio\/wp-content\/uploads\/2025\/11\/RAI-ISFDyT-33-2025-1.pdf\" target=\"_blank\" rel=\"noopener\">R\u00e9gimen Acad\u00e9mico Institucional\u00a0Vigente<\/a><\/span><\/span><\/li>\n<\/ul>\n<ul>\n<li><span style=\"font-size: 10pt;\"><span style=\"font-family: verdana,geneva;\"><a title=\"Proyecto institucional de evaluaci\u00f3n\" href=\"upload\/Proyecto_Institucional_de_Evaluacion.pdf\" target=\"_blank\" rel=\"noopener\">Proyecto institucional de evaluaci\u00f3n<\/a><\/span><\/span><\/li>\n<\/ul>\n<ul>\n<li><span style=\"font-size: 10pt;\"><span style=\"font-family: verdana,geneva;\"><a title=\"Pensar la ense\u00f1anza\" href=\"upload\/Pensar__la_ensen_anza.pdf\" target=\"_blank\" rel=\"noopener\">Pensar la ense\u00f1anza<\/a><\/span><\/span><\/li>\n<\/ul>\n<ul>\n<li><a title=\"Anexos CAI 2009\" href=\"upload\/Anexos_y_Resolucion_CAI_2009.pdf\" target=\"_blank\" rel=\"noopener\"><span style=\"font-size: 10pt;\"><span style=\"font-family: verdana,geneva;\">Anexos y Resoluci\u00f3n CAI 2009<\/span><\/span><\/a><\/li>\n<\/ul>\n<ul>\n<li><span style=\"font-family: verdana,geneva;\"><a title=\"Disp. 30 Proyectos\" href=\"upload\/Disposicion_N30__Proyectos_de_Catedra.pdf\" target=\"_blank\" rel=\"noopener\"><span style=\"font-size: 10pt;\">Disposici\u00f3n N\u00b030 &#8211; Proyectos de c\u00e1tedra<\/span><\/a><\/span><\/li>\n<\/ul>\n<ul>\n<li>\n<h5><a title=\"Res 5886 - Cargos\" href=\"https:\/\/isfdyt33-bue.infd.edu.ar\/sitio\/wp-content\/uploads\/2026\/04\/RESOC-2025-6179.pdf\" target=\"_blank\" rel=\"noopener\"><span style=\"font-family: verdana,geneva; font-size: 10pt;\">Res<strong>oluci\u00f3n 6179\/25 &#8211; Cobertura de cargos<\/strong><\/span><\/a><\/h5>\n<\/li>\n<li><a href=\"https:\/\/isfdyt33-bue.infd.edu.ar\/sitio\/wp-content\/uploads\/2026\/04\/Pruebas-de-seleccio\u0301n.pptx\" target=\"_blank\" rel=\"noopener\">POWER POINT explicativo Res- 6179\/25<\/a><\/li>\n<\/ul>\n<ul>\n<li><span style=\"font-family: verdana,geneva; font-size: 10pt;\"><a title=\"Res 3121 - Ayudante\" href=\"upload\/Resolucion_3121__Ayudante_de_Catedra.pdf\" target=\"_blank\" rel=\"noopener\">Resoluci\u00f3n 3121 &#8211; Ayudante de c\u00e1tedra<\/a><\/span><\/li>\n<li><a href=\"https:\/\/isfdyt33-bue.infd.edu.ar\/sitio\/wp-content\/uploads\/2024\/12\/Disposicio\u0301n-Interna-11.pdf\" target=\"_blank\" rel=\"noopener\"><span style=\"font-family: verdana,geneva;\"><span style=\"font-size: 10pt;\">Disposici\u00f3n N\u00b011 &#8211; Filiaci\u00f3n y acompa\u00f1amiento al Ingresante\u00a0<\/span><\/span><\/a><\/li>\n<li><a href=\"https:\/\/isfdyt33-bue.infd.edu.ar\/sitio\/wp-content\/uploads\/2024\/12\/Disposicio\u0301n-Interna-12.pdf\" target=\"_blank\" rel=\"noopener\"><span style=\"font-family: verdana,geneva;\"><span style=\"font-size: 10pt;\">Disposici\u00f3n N\u00b012 &#8211; Acerca del programa de la Unidad Curricular<\/span><\/span><\/a><\/li>\n<li><a href=\"https:\/\/isfdyt33-bue.infd.edu.ar\/sitio\/wp-content\/uploads\/2024\/12\/Disposicio\u0301n-Interna-13.pdf\" target=\"_blank\" rel=\"noopener\"><span style=\"font-family: verdana,geneva;\"><span style=\"font-size: 10pt;\">Disposici\u00f3n N\u00b013 &#8211; Acerca de la acreditaci\u00f3n como libre<\/span><\/span><\/a><\/li>\n<\/ul>\n<p><strong><span style=\"font-family: verdana,geneva; font-size: 10pt;\">Reglamento Org\u00e1nico Marco de los Institutos Superiores<\/span><\/strong><\/p>\n<ul>\n<li><a title=\"ROM - Documento Base Marzo 2017\" href=\"upload\/ROM_-_Documento_Base_Marzo_2017.pdf\" target=\"_blank\" rel=\"noopener\"><span style=\"font-size: 10pt; font-family: verdana, geneva;\">ROM &#8211; Documento Base Marzo 2017<\/span><br \/>\n<\/a><\/li>\n<li><a title=\"ROM - Documento Base Marzo 2017\" href=\"https:\/\/isfdyt33-bue.infd.edu.ar\/sitio\/wp-content\/uploads\/2024\/12\/RESOC-4196-24-R-A-S.pdf\" target=\"_blank\" rel=\"noopener\"><span style=\"font-size: 10pt; font-family: verdana, geneva;\">RAM 2025<\/span><\/a><\/li>\n<li><span style=\"font-size: 10pt; font-family: verdana, geneva;\"><a href=\"https:\/\/isfdyt33-bue.infd.edu.ar\/sitio\/wp-content\/uploads\/2024\/12\/Anexo-1.pdf\" target=\"_blank\" rel=\"noopener\">ANEXO 1<\/a><\/span><\/li>\n<li><a href=\"https:\/\/isfdyt33-bue.infd.edu.ar\/sitio\/wp-content\/uploads\/2024\/12\/Anexo-2.pdf\" target=\"_blank\" rel=\"noopener\"><span style=\"font-size: 10pt; font-family: verdana, geneva;\">ANEXO 2<\/span><\/a><\/li>\n<li><a href=\"https:\/\/isfdyt33-bue.infd.edu.ar\/sitio\/wp-content\/uploads\/2024\/12\/Anexo-3.pdf\" target=\"_blank\" rel=\"noopener\"><span style=\"font-size: 10pt; font-family: verdana, geneva;\">ANEXO 3<\/span><\/a><\/li>\n<\/ul>\n<p><strong><span style=\"font-family: verdana,geneva; font-size: 10pt;\">Resoluciones<\/span><\/strong><\/p>\n<ul>\n<li><span style=\"font-family: verdana, geneva; font-size: 10pt;\"><a title=\"Res 30-07\" href=\"upload\/30-07.pdf\" target=\"_blank\" rel=\"noopener\">Res 30-07<\/a><\/span><\/li>\n<li><span style=\"font-family: verdana, geneva; font-size: 10pt;\"><a title=\"Res 30-07 anexo 01\" href=\"upload\/30-07-anexo01.pdf\" target=\"_blank\" rel=\"noopener\">Res 30-07 Anexo 01<\/a><\/span><\/li>\n<li><span style=\"font-family: verdana, geneva; font-size: 10pt;\"><a title=\"Res 30-07 anexo 02\" href=\"upload\/30-07-anexo02.pdf\" target=\"_blank\" rel=\"noopener\">Res 30-07 Anexo 02<\/a><\/span><\/li>\n<li><span style=\"font-family: verdana, geneva; font-size: 10pt;\"><a title=\"Res 72-08\" href=\"upload\/72-08.pdf\" target=\"_blank\" rel=\"noopener\">Res 72-08<\/a><\/span><\/li>\n<li><span style=\"font-family: verdana, geneva; font-size: 10pt;\"><a title=\"Res 72-08 anexo 01\" href=\"upload\/72-08-anexo01.pdf\" target=\"_blank\" rel=\"noopener\">Res 72-08 Anexo 01<\/a><\/span><\/li>\n<li><span style=\"font-family: verdana, geneva; font-size: 10pt;\"><a title=\"Res 72-08 anexo 02\" href=\"upload\/72-08-anexo02.pdf\" target=\"_blank\" rel=\"noopener\">Res 72-08 Anexo 02<\/a><\/span><\/li>\n<li><span style=\"font-family: verdana, geneva; font-size: 10pt;\"><a title=\"Res 72-08 anexo 03\" href=\"upload\/72-08-anexo03.pdf\" target=\"_blank\" rel=\"noopener\">Res 72-08 Anexo 03<\/a><\/span><\/li>\n<li><span style=\"font-family: verdana, geneva; font-size: 10pt;\"><a title=\"Res 140-11\" href=\"upload\/140-11.pdf\" target=\"_blank\" rel=\"noopener\">Res 140-11<\/a><\/span><\/li>\n<li><span style=\"font-family: verdana, geneva; font-size: 10pt;\"><a title=\"Res 140-11_01\" href=\"upload\/140-11_01.pdf\" target=\"_blank\" rel=\"noopener\">Res 140-11_01<\/a><\/span><\/li>\n<\/ul>\n<p><strong><span style=\"font-family: verdana,geneva; font-size: 10pt;\">Equivalencias<\/span><\/strong><\/p>\n<ul>\n<li><span style=\"font-size: 10pt;\"><a title=\"Equivalencias\" href=\"upload\/EQUIVALENCIAS.doc\" target=\"_blank\" rel=\"noopener\">Equivalencias<\/a><\/span><\/li>\n<\/ul>\n<ul>\n<li><span style=\"font-size: 10pt;\"><a title=\"Planilla de solicitud de equivalencias por asignatura\" href=\"upload\/Planilla_de_solicitud_de_equivalencias_por_asignatura.doc\" target=\"_blank\" rel=\"noopener\">Planilla de solicitud de equivalencias por asignatura<\/a><\/span><\/li>\n<\/ul>\n<ul>\n<li><span style=\"font-size: 10pt;\"><a title=\"Planilla resumen de solicitud de equivalencias\" href=\"upload\/Planilla_resumen_de_solicitud_de_equivalencias.doc\" target=\"_blank\" rel=\"noopener\">Planilla resumen de solicitud de equivalencias<\/a><\/span><\/li>\n<\/ul>\n<ul>\n<li><span style=\"font-size: 10pt;\"><a title=\"ANEXO 1 RES 1639-17IF-2017-03837800-GDEBA-CGCYEDGCYE equivalencias\" href=\"upload\/ANEXO_1_RES_1639-17IF-2017-03837800-GDEBA-CGCYEDGCYE_equivalencias_1.pdf\" target=\"_blank\" rel=\"noopener\">ANEXO 1 RES 1639-17IF-2017-03837800-GDEBA-CGCYEDGCYE equivalencias<\/a><\/span><\/li>\n<\/ul>\n<ul>\n<li><span style=\"font-size: 10pt;\"><a title=\"RSC-1639-2017-05078498-GDEBA-DGCYE regimen academico superior\" href=\"upload\/RSC-1639-2017-05078498-GDEBA-DGCYE_regimen_academico_superior.pdf\" target=\"_blank\" rel=\"noopener\">RSC-1639-2017-05078498-GDEBA-DGCYE regimen academico superior<\/a><\/span><\/li>\n<\/ul>\n<p><strong><span style=\"font-family: verdana,geneva; font-size: 10pt;\">Inscripciones<\/span><\/strong><\/p>\n<ul>\n<li><a href=\"https:\/\/isfdyt33-bue.infd.edu.ar\/sitio\/wp-content\/uploads\/2020\/02\/INSCRIPCION-BECA-DE-TRANSPORTE.pdf.pdf\"><span style=\"font-size: 10pt;\">Planilla de inscripci\u00f3n Beca de Transporte<\/span><\/a><\/li>\n<\/ul>\n<ul>\n<li><a href=\"https:\/\/isfdyt33-bue.infd.edu.ar\/sitio\/wp-content\/uploads\/2020\/02\/1580219902807_LIQUIDACION-TRANSPORTE-LOCALIDADES.pdf.pdf\"><span style=\"font-size: 10pt;\">Beca transporte localidad<\/span><\/a><\/li>\n<\/ul>\n","protected":false},"excerpt":{"rendered":"<p>Normativas Legales Vigentes RAM Anexo 1 Anexo 2 Anexo 3 Disposici\u00f3n Interna 11 Disposici\u00f3n Interna 12 Disposici\u00f3n Interna 13 OTRAS NORMATIVAS Y RESOLUCIONES R\u00e9gimen Acad\u00e9mico Institucional\u00a0Vigente Proyecto institucional de evaluaci\u00f3n Pensar la ense\u00f1anza Anexos y Resoluci\u00f3n CAI 2009 Disposici\u00f3n N\u00b030 &#8211; Proyectos de c\u00e1tedra Resoluci\u00f3n 6179\/25 &#8211; Cobertura de cargos POWER POINT explicativo Res- 6179\/25 &#8230; <a title=\"Normativas\" class=\"read-more\" href=\"https:\/\/isfdyt33-bue.infd.edu.ar\/sitio\/normativas\/\" aria-label=\"More on Normativas\">[+]<\/a><\/p>\n","protected":false},"author":2391,"featured_media":0,"parent":0,"menu_order":0,"comment_status":"closed","ping_status":"closed","template":"","meta":[],"acf":[],"_links":{"self":[{"href":"https:\/\/isfdyt33-bue.infd.edu.ar\/sitio\/wp-json\/wp\/v2\/pages\/860"}],"collection":[{"href":"https:\/\/isfdyt33-bue.infd.edu.ar\/sitio\/wp-json\/wp\/v2\/pages"}],"about":[{"href":"https:\/\/isfdyt33-bue.infd.edu.ar\/sitio\/wp-json\/wp\/v2\/types\/page"}],"author":[{"embeddable":true,"href":"https:\/\/isfdyt33-bue.infd.edu.ar\/sitio\/wp-json\/wp\/v2\/users\/2391"}],"replies":[{"embeddable":true,"href":"https:\/\/isfdyt33-bue.infd.edu.ar\/sitio\/wp-json\/wp\/v2\/comments?post=860"}],"version-history":[{"count":16,"href":"https:\/\/isfdyt33-bue.infd.edu.ar\/sitio\/wp-json\/wp\/v2\/pages\/860\/revisions"}],"predecessor-version":[{"id":3587,"href":"https:\/\/isfdyt33-bue.infd.edu.ar\/sitio\/wp-json\/wp\/v2\/pages\/860\/revisions\/3587"}],"wp:attachment":[{"href":"https:\/\/isfdyt33-bue.infd.edu.ar\/sitio\/wp-json\/wp\/v2\/media?parent=860"}],"curies":[{"name":"wp","href":"https:\/\/api.w.org\/{rel}","templated":true}]}}