{"id":863,"date":"2018-07-02T19:15:10","date_gmt":"2018-07-02T22:15:10","guid":{"rendered":"https:\/\/isfdyt33-bue.infd.edu.ar\/sitio\/jornadas-teatro-en-ingles\/"},"modified":"2026-03-17T17:21:20","modified_gmt":"2026-03-17T20:21:20","slug":"jornadas-teatro-en-ingles","status":"publish","type":"page","link":"https:\/\/isfdyt33-bue.infd.edu.ar\/sitio\/jornadas-teatro-en-ingles\/","title":{"rendered":""},"content":{"rendered":"\n<p class=\"has-text-align-center has-x-large-font-size\"><strong>Inscripci\u00f3n a materias PRIMER A\u00d1O &#8211; Ingresantes<\/strong><\/p>\n\n\n\n<p class=\"has-text-align-left has-large-font-size\">Carreras Docentes<\/p>\n\n\n\n<ul>\n<li class=\"has-medium-font-size\"><a href=\"https:\/\/forms.gle\/Wt7smtX3zdfHUC2x5\" target=\"_blank\" rel=\"noreferrer noopener\">Profesorado de Educaci\u00f3n F\u00edsica<\/a><\/li>\n\n\n\n<li class=\"has-medium-font-size\"><a href=\"https:\/\/forms.gle\/ioTSXyVFLmUhEdEA8\" target=\"_blank\" rel=\"noreferrer noopener\">Profesorado de Ingl\u00e9s<\/a><\/li>\n\n\n\n<li class=\"has-medium-font-size\"><a href=\"https:\/\/forms.gle\/HqPNeXujjYPYCrro6\" target=\"_blank\" rel=\"noreferrer noopener\">Profesorado de Educaci\u00f3n Secundaria en Lengua y Literatura<\/a><\/li>\n\n\n\n<li class=\"has-medium-font-size\"><a href=\"https:\/\/forms.gle\/tzXkvjPDLACUHLaw8\" target=\"_blank\" rel=\"noreferrer noopener\">Profesorado de Educaci\u00f3n Secundaria en Matem\u00e1tica<\/a><\/li>\n\n\n\n<li class=\"has-medium-font-size\"><a href=\"https:\/\/forms.gle\/dBcMx3cfn1t2kB2c8\" target=\"_blank\" rel=\"noreferrer noopener\">Profesorado de Educaci\u00f3n Secundaria en Biolog\u00eda<\/a><\/li>\n<\/ul>\n\n\n\n<p><\/p>\n\n\n\n<p class=\"has-large-font-size\">Carreras T\u00e9cnicas<\/p>\n\n\n\n<ul>\n<li class=\"has-medium-font-size\"><a href=\"https:\/\/forms.gle\/zfHEpGyTJR9ohLe46\" target=\"_blank\" rel=\"noreferrer noopener\">Tecnicatura Superior en Trabajo Social<\/a><\/li>\n\n\n\n<li class=\"has-medium-font-size\"><a href=\"https:\/\/forms.gle\/1bBWkF4mdfUXL6J99\" target=\"_blank\" rel=\"noreferrer noopener\">Tecnicatura Superior en Agroecolog\u00eda<\/a><\/li>\n\n\n\n<li class=\"has-medium-font-size\">Tecnicatura Superior en Tiempo Libre y Recreaci\u00f3n<\/li>\n\n\n\n<li class=\"has-medium-font-size\"><a href=\"https:\/\/forms.gle\/987dTvdrPQcC1As8A\" target=\"_blank\" rel=\"noreferrer noopener\">Tecnicatura Superior en Servicios Gasron\u00f3micos<\/a><\/li>\n\n\n\n<li class=\"has-medium-font-size\">Tecnicatura Superior en Alimentos<\/li>\n\n\n\n<li class=\"has-medium-font-size\"><a href=\"https:\/\/forms.gle\/Fb3aWHmG4JT9XsZe8\" target=\"_blank\" rel=\"noreferrer noopener\">Tecnicatura Superior en Higiene, Seguridad y Ambiente Laboral<\/a><\/li>\n<\/ul>\n\n\n\n<p><\/p>\n\n\n\n<div class=\"wp-block-columns is-layout-flex wp-container-10\">\n<div class=\"wp-block-column is-layout-flow\" style=\"flex-basis:100%\">\n<div class=\"wp-block-group alignfull is-layout-constrained\"><div class=\"wp-block-group__inner-container\">\n<div class=\"wp-block-group alignwide is-layout-constrained\"><div class=\"wp-block-group__inner-container\">\n<div class=\"wp-block-columns is-layout-flex wp-container-6\">\n<div class=\"wp-block-column is-layout-flow\" style=\"flex-basis:100%\">\n<div class=\"wp-block-group alignfull is-layout-constrained\"><div class=\"wp-block-group__inner-container\">\n<div class=\"wp-block-group alignfull is-layout-constrained\"><div class=\"wp-block-group__inner-container\">\n<div class=\"wp-block-columns is-layout-flex wp-container-2\">\n<div class=\"wp-block-column is-layout-flow\"><\/div>\n<\/div>\n<\/div><\/div>\n<\/div><\/div>\n<\/div>\n<\/div>\n<\/div><\/div>\n<\/div><\/div>\n<\/div>\n<\/div>\n\n\n\n<h2 class=\"wp-block-heading\"><\/h2>\n","protected":false},"excerpt":{"rendered":"<p>Inscripci\u00f3n a materias PRIMER A\u00d1O &#8211; Ingresantes Carreras Docentes Carreras T\u00e9cnicas<\/p>\n","protected":false},"author":35,"featured_media":0,"parent":0,"menu_order":0,"comment_status":"closed","ping_status":"closed","template":"","meta":[],"acf":[],"_links":{"self":[{"href":"https:\/\/isfdyt33-bue.infd.edu.ar\/sitio\/wp-json\/wp\/v2\/pages\/863"}],"collection":[{"href":"https:\/\/isfdyt33-bue.infd.edu.ar\/sitio\/wp-json\/wp\/v2\/pages"}],"about":[{"href":"https:\/\/isfdyt33-bue.infd.edu.ar\/sitio\/wp-json\/wp\/v2\/types\/page"}],"author":[{"embeddable":true,"href":"https:\/\/isfdyt33-bue.infd.edu.ar\/sitio\/wp-json\/wp\/v2\/users\/35"}],"replies":[{"embeddable":true,"href":"https:\/\/isfdyt33-bue.infd.edu.ar\/sitio\/wp-json\/wp\/v2\/comments?post=863"}],"version-history":[{"count":29,"href":"https:\/\/isfdyt33-bue.infd.edu.ar\/sitio\/wp-json\/wp\/v2\/pages\/863\/revisions"}],"predecessor-version":[{"id":3565,"href":"https:\/\/isfdyt33-bue.infd.edu.ar\/sitio\/wp-json\/wp\/v2\/pages\/863\/revisions\/3565"}],"wp:attachment":[{"href":"https:\/\/isfdyt33-bue.infd.edu.ar\/sitio\/wp-json\/wp\/v2\/media?parent=863"}],"curies":[{"name":"wp","href":"https:\/\/api.w.org\/{rel}","templated":true}]}}