{"id":936,"date":"2018-07-02T19:15:44","date_gmt":"2018-07-02T22:15:44","guid":{"rendered":"https:\/\/isfdyt33-bue.infd.edu.ar\/sitio\/trabajo-social\/"},"modified":"2025-10-18T03:08:08","modified_gmt":"2025-10-18T06:08:08","slug":"trabajo-social","status":"publish","type":"page","link":"https:\/\/isfdyt33-bue.infd.edu.ar\/sitio\/trabajo-social\/","title":{"rendered":"Trabajo Social"},"content":{"rendered":"<p style=\"text-align: left;\"><span style=\"font-size: 12pt;\">El Trabajador Social es un profesional competente para intervenir en diferentes espacios<\/span> <span style=\"font-size: 12pt;\">gubernamentales y no gubernamentales; capacitado para el abordaje de problem\u00e1ticas<\/span> <span style=\"font-size: 12pt;\">sociales e implementar alternativas de resoluci\u00f3n instrumentando metodolog\u00edas de la<\/span> <span style=\"font-size: 12pt;\">investigaci\u00f3n, elaborando diagn\u00f3sticos y planificaciones; asesorando, gestionando y<\/span> <span style=\"font-size: 12pt;\">coordinando acciones y recursos a trav\u00e9s de la sistematizaci\u00f3n de su pr\u00e1ctica profesional.<\/span><\/p>\n<p style=\"text-align: left;\">\n<p style=\"text-align: center;\"><a title=\"Trabajo Social\" href=\"https:\/\/isfdyt33-bue.infd.edu.ar\/sitio\/trabajo-social\/upload\/Res._166606__Anexo__Trabajo_Social.pdf\" target=\"_blank\" rel=\"noopener\"><span style=\"font-size: 10pt;\"><strong>\u00a0<img decoding=\"async\" loading=\"lazy\" class=\"alignnone size-full wp-image-2876\" src=\"https:\/\/isfdyt33-bue.infd.edu.ar\/sitio\/wp-content\/uploads\/2024\/08\/BOTON-PLAN-DE-ESTUDIOS.png\" alt=\"\" width=\"162\" height=\"59\" \/><\/strong><\/span><\/a><\/p>\n","protected":false},"excerpt":{"rendered":"<p>El Trabajador Social es un profesional competente para intervenir en diferentes espacios gubernamentales y no gubernamentales; capacitado para el abordaje de problem\u00e1ticas sociales e implementar alternativas de resoluci\u00f3n instrumentando metodolog\u00edas de la investigaci\u00f3n, elaborando diagn\u00f3sticos y planificaciones; asesorando, gestionando y coordinando acciones y recursos a trav\u00e9s de la sistematizaci\u00f3n de su pr\u00e1ctica profesional. \u00a0<\/p>\n","protected":false},"author":2391,"featured_media":0,"parent":0,"menu_order":0,"comment_status":"closed","ping_status":"closed","template":"","meta":[],"acf":[],"_links":{"self":[{"href":"https:\/\/isfdyt33-bue.infd.edu.ar\/sitio\/wp-json\/wp\/v2\/pages\/936"}],"collection":[{"href":"https:\/\/isfdyt33-bue.infd.edu.ar\/sitio\/wp-json\/wp\/v2\/pages"}],"about":[{"href":"https:\/\/isfdyt33-bue.infd.edu.ar\/sitio\/wp-json\/wp\/v2\/types\/page"}],"author":[{"embeddable":true,"href":"https:\/\/isfdyt33-bue.infd.edu.ar\/sitio\/wp-json\/wp\/v2\/users\/2391"}],"replies":[{"embeddable":true,"href":"https:\/\/isfdyt33-bue.infd.edu.ar\/sitio\/wp-json\/wp\/v2\/comments?post=936"}],"version-history":[{"count":7,"href":"https:\/\/isfdyt33-bue.infd.edu.ar\/sitio\/wp-json\/wp\/v2\/pages\/936\/revisions"}],"predecessor-version":[{"id":3376,"href":"https:\/\/isfdyt33-bue.infd.edu.ar\/sitio\/wp-json\/wp\/v2\/pages\/936\/revisions\/3376"}],"wp:attachment":[{"href":"https:\/\/isfdyt33-bue.infd.edu.ar\/sitio\/wp-json\/wp\/v2\/media?parent=936"}],"curies":[{"name":"wp","href":"https:\/\/api.w.org\/{rel}","templated":true}]}}