{"id":939,"date":"2018-07-10T12:50:38","date_gmt":"2018-07-10T15:50:38","guid":{"rendered":"https:\/\/isfdyt33-bue.infd.edu.ar\/sitio\/?page_id=939"},"modified":"2025-10-18T03:06:35","modified_gmt":"2025-10-18T06:06:35","slug":"economia-social","status":"publish","type":"page","link":"https:\/\/isfdyt33-bue.infd.edu.ar\/sitio\/economia-social\/","title":{"rendered":"Tiempo Libre y Recreaci\u00f3n"},"content":{"rendered":"\n<p>El <strong>T\u00e9cnico Superior en Tiempo Libre y Recreaci\u00f3n <\/strong>es un profesional capaz de desarrollar e implementar proyectos en recreaci\u00f3n, analizar y diagnosticar problem\u00e1ticas del tiempo libre y la recreaci\u00f3n con diversos grupos humanos para el aprovechamiento creativo del tiempo libre en diferentes \u00e1mbitos y con distintas poblaciones y destinatarios.<\/p>\n\n\n<h2 style=\"text-align: center;\"><span style=\"font-size: 10pt;\"><a href=\"https:\/\/abc.gob.ar\/secretarias\/sites\/default\/files\/2023-01\/Anexo%20I%20Res%203783-22%20Tiempo%20Libre%20y%20Recreaci%C3%B3n_compressed.pdf\" target=\"_blank\" rel=\"noopener\"><strong><img decoding=\"async\" loading=\"lazy\" class=\"alignnone size-full wp-image-2876\" src=\"https:\/\/isfdyt33-bue.infd.edu.ar\/sitio\/wp-content\/uploads\/2024\/08\/BOTON-PLAN-DE-ESTUDIOS.png\" alt=\"\" width=\"162\" height=\"59\"><\/strong><\/a><br><\/span><\/h2>\n\n\n<figure class=\"wp-block-image size-large\"><img decoding=\"async\" loading=\"lazy\" width=\"1900\" height=\"1468\" src=\"https:\/\/isfdyt33-bue.infd.edu.ar\/sitio\/wp-content\/uploads\/2024\/08\/Folleto-Tiempo-LIbre-y-Recreacion-1900x1468.jpg\" alt=\"\" class=\"wp-image-2871\" srcset=\"https:\/\/isfdyt33-bue.infd.edu.ar\/sitio\/wp-content\/uploads\/2024\/08\/Folleto-Tiempo-LIbre-y-Recreacion-1900x1468.jpg 1900w, https:\/\/isfdyt33-bue.infd.edu.ar\/sitio\/wp-content\/uploads\/2024\/08\/Folleto-Tiempo-LIbre-y-Recreacion-1000x773.jpg 1000w, https:\/\/isfdyt33-bue.infd.edu.ar\/sitio\/wp-content\/uploads\/2024\/08\/Folleto-Tiempo-LIbre-y-Recreacion-768x593.jpg 768w, https:\/\/isfdyt33-bue.infd.edu.ar\/sitio\/wp-content\/uploads\/2024\/08\/Folleto-Tiempo-LIbre-y-Recreacion-1536x1187.jpg 1536w, https:\/\/isfdyt33-bue.infd.edu.ar\/sitio\/wp-content\/uploads\/2024\/08\/Folleto-Tiempo-LIbre-y-Recreacion.jpg 2000w\" sizes=\"(max-width: 1900px) 100vw, 1900px\" \/><\/figure>\n\n\n\n<figure class=\"wp-block-image size-large\"><img decoding=\"async\" loading=\"lazy\" width=\"1900\" height=\"1468\" src=\"https:\/\/isfdyt33-bue.infd.edu.ar\/sitio\/wp-content\/uploads\/2024\/08\/2-1900x1468.jpg\" alt=\"\" class=\"wp-image-2893\" srcset=\"https:\/\/isfdyt33-bue.infd.edu.ar\/sitio\/wp-content\/uploads\/2024\/08\/2-1900x1468.jpg 1900w, https:\/\/isfdyt33-bue.infd.edu.ar\/sitio\/wp-content\/uploads\/2024\/08\/2-1000x773.jpg 1000w, https:\/\/isfdyt33-bue.infd.edu.ar\/sitio\/wp-content\/uploads\/2024\/08\/2-768x593.jpg 768w, https:\/\/isfdyt33-bue.infd.edu.ar\/sitio\/wp-content\/uploads\/2024\/08\/2-1536x1187.jpg 1536w, https:\/\/isfdyt33-bue.infd.edu.ar\/sitio\/wp-content\/uploads\/2024\/08\/2.jpg 2000w\" sizes=\"(max-width: 1900px) 100vw, 1900px\" \/><\/figure>\n","protected":false},"excerpt":{"rendered":"<p>El T\u00e9cnico Superior en Tiempo Libre y Recreaci\u00f3n es un profesional capaz de desarrollar e implementar proyectos en recreaci\u00f3n, analizar y diagnosticar problem\u00e1ticas del tiempo libre y la recreaci\u00f3n con diversos grupos humanos para el aprovechamiento creativo del tiempo libre en diferentes \u00e1mbitos y con distintas poblaciones y destinatarios.<\/p>\n","protected":false},"author":2391,"featured_media":0,"parent":0,"menu_order":0,"comment_status":"closed","ping_status":"closed","template":"","meta":[],"acf":[],"_links":{"self":[{"href":"https:\/\/isfdyt33-bue.infd.edu.ar\/sitio\/wp-json\/wp\/v2\/pages\/939"}],"collection":[{"href":"https:\/\/isfdyt33-bue.infd.edu.ar\/sitio\/wp-json\/wp\/v2\/pages"}],"about":[{"href":"https:\/\/isfdyt33-bue.infd.edu.ar\/sitio\/wp-json\/wp\/v2\/types\/page"}],"author":[{"embeddable":true,"href":"https:\/\/isfdyt33-bue.infd.edu.ar\/sitio\/wp-json\/wp\/v2\/users\/2391"}],"replies":[{"embeddable":true,"href":"https:\/\/isfdyt33-bue.infd.edu.ar\/sitio\/wp-json\/wp\/v2\/comments?post=939"}],"version-history":[{"count":21,"href":"https:\/\/isfdyt33-bue.infd.edu.ar\/sitio\/wp-json\/wp\/v2\/pages\/939\/revisions"}],"predecessor-version":[{"id":3374,"href":"https:\/\/isfdyt33-bue.infd.edu.ar\/sitio\/wp-json\/wp\/v2\/pages\/939\/revisions\/3374"}],"wp:attachment":[{"href":"https:\/\/isfdyt33-bue.infd.edu.ar\/sitio\/wp-json\/wp\/v2\/media?parent=939"}],"curies":[{"name":"wp","href":"https:\/\/api.w.org\/{rel}","templated":true}]}}